{"id":40,"date":"2022-05-15T19:44:32","date_gmt":"2022-05-15T19:44:32","guid":{"rendered":"https:\/\/viridicapitis.de\/impressum"},"modified":"2025-07-07T05:32:38","modified_gmt":"2025-07-07T05:32:38","slug":"impressum","status":"publish","type":"page","link":"https:\/\/viridicapitis.de\/en\/imprint\/","title":{"rendered":"Imprint"},"content":{"rendered":"<div class=\"woocommerce\">\n    \n    <section class=\"u-clearfix u-section-2\" id=\"sec-593a\">\n      <div class=\"u-clearfix u-sheet u-valign-top u-sheet-1\">\n        <div class=\"u-clearfix u-custom-html u-expanded-width u-custom-html-1\">\n          <title><\/title>\n          <meta http-equiv=\"Content-Type\" content=\"text\/html; charset=\">\n          <div style=\"page-break-before:always; page-break-after:always\">\n            <div>\n              <p><b>Imprint<br>Viridi Capitis UG (haftungsbeschr\u00e4nkt)<br><\/b>Managing Director: Detlef Michael Kr\u00fcger<br>Commercial Register Number: HRB 19080, Local Court of Kassel<br>Address:<br>Fontanestra\u00dfe 07<br>34246 Velmar<br>\n                <br>Email: vc@viridicapitis.de<br>VAT Identification Number: DE 2624761355 <br>\n              <\/p>\n              <p class=\"translation-block\">Permission pursuant to \u00a7 34f para. 1 sentence 1 no. 2 and no. 3 GewO (Financial Investment Broker) and \u00a7 34c Trade Regulation Act (Gewerbeordnung)\nResponsible Supervisory Authority:\nDistrict Office: Kassel\nTrade Office: Kassel\nWebsite: https:\/\/www.viridicapitis.de<\/p>\n              <p>Website: https:\/\/www.viridicapitis.de<br>\n              <\/p>\n              <p>Member of the Chamber of Industry and Commerce Kassel<br>\n              <\/p>\n              <p class=\"translation-block\">Professional Title: Financial Investment Broker with permission according to \u00a7 34f para. 1 sentence 1 no. 2 and no. 3 GewO; Federal Republic of Germany<\/p>\n              <p class=\"translation-block\">Professional Regulations:<br>\n\n\u00a7 34f Trade Regulation Act (Gewerbeordnung)<br>\n\n\u00a7 34c Trade Regulation Act (Gewerbeordnung)<br>\nFinancial Investment Brokerage Ordinance (FinVermV)<\/p>\n              <p class=\"translation-block\">The professional regulations can be viewed and accessed via the website operated by the Federal Ministry of Justice and juris GmbH: https:\/\/www.gesetze-im-internet.de<\/p>\n              <p class=\"translation-block\"><b>Notice on EU Online Dispute Resolution<br><\/b>The European Commission provides a platform for online dispute resolution (ODR): https:\/\/ec.europa.eu\/consumers\/odr<\/p>\n            <\/div>\n          <\/div>\n          <div style=\"page-break-before:always; page-break-after:always\">\n            <div>\n              <p>Viridi Capitis UG can be reached at the email address: vc@viridicapitis.de <br>erreichen.<br>\n              <\/p>\n              <p class=\"translation-block\"><b>Legal Notice<br><\/b>All information and data published on our website have been carefully researched and checked.<br>Despite all due diligence, we cannot guarantee or accept liability for the accuracy, completeness, or timeliness of the information provided, as data may have changed in the meantime.<br>This also applies to external websites referred to via hyperlinks.<br>We assume no responsibility for the content of such linked pages.<br>All content and designs on our website are protected by copyright.<br>Any reproduction of these pages or content requires our prior written consent.<\/p>\n              <p class=\"translation-block\"><b>Liability for Content<br><\/b>All content on our website has been created with the utmost care and diligence.<br>However, we do not warrant the accuracy, completeness, or timeliness of the content.<br>As a service provider, we are responsible for our own content on these pages in accordance with \u00a7 7 para. 1 TMG (German Telemedia Act) under general law.<br>However, according to \u00a7\u00a7 8 to 10 TMG, we as a service provider are not obligated to monitor third-party information transmitted or stored, or to investigate circumstances that indicate illegal activity.<br>Obligations to remove or block the use of information under general law remain unaffected.<br>Liability in this regard is only possible from the time of knowledge of a specific infringement.<br>Upon becoming aware of such legal violations, we will remove the respective content immediately.<br><\/p>\n              <p class=\"translation-block\"><b>Copyright<br><\/b>The content and works created by the website operator on these pages are subject to German copyright law.<br>The reproduction, editing, distribution, and any kind of exploitation outside the limits of copyright law require the written consent of the respective author or creator.<br>Downloads and copies of this site are only permitted for private, non-commercial use.<br>Where content on this site was not created by us, the copyrights of third parties are respected.<br>In particular, third-party content is marked as such.<br>Should you nevertheless become aware of a copyright infringement, please inform us accordingly.<br>Upon notification of violations, we will remove such content immediately.<br><\/p>\n            <\/div>\n          <\/div>\n          <div style=\"page-break-before:always; page-break-after:always\">\n            <div>\n              <p><b>Image Credits<br><\/b>Sergey Nivens \/ shutterstock.com<br>Bildagentur Zoonar GmbH \/ shutterstock.com<br>\n              <\/p>\n              <p><b>Responsible Consumer Arbitration Board<br>Arbitration Board of the Deutsche Bundesbank<br><\/b>P.O. Box 10 06 02<br>60006 Frankfurt am Main<br>Phone: +49 69 9566-3232<br>Fax: +49 69 709090-9901<br>Email: schlichtung@bundesbank.de<br>Internet: www.bundesbank.de\/schlichtungsstelle<br>\n              <\/p>\n              <p><b>Arbitration Board at the Federal Financial Supervisory Authority <br>(BaFin)<br><\/b>Department ZR 3<br>Graurheindorfer Stra\u00dfe 108<br>53117 Bonn<br>Fax: +49 228 4108-62299<br>Email: schlichtungsstelle@bafin.de<br>Internet: www.bafin.de (konkreter Link: Streitschlichtung bei der BaFin)<br>\n              <\/p>\n              <p class=\"translation-block\"><b>Notice on EU Online Dispute Resolution<br><\/b>The European Commission provides a platform for online dispute resolution (ODR): https:\/\/ec.europa.eu\/consumers\/odr<\/p>\n            <\/div>\n          <\/div>\n        <\/div>\n      <\/div>\n    <\/section>\n    \n    \n    \n  \n<\/div>","protected":false},"excerpt":{"rendered":"<p>ImpressumViridi Capitis UG (haftungsbeschr\u00e4nkt)Gesch\u00e4ftsf\u00fchrer: Detlef Michael Kr\u00fcgerHandelsregister Nummer: HRB 19080 , Amtsgericht KasselAdresse:Fontanestra\u00dfe 0734246 Velmar E-Mail: vc@viridicapitis.deUmsatzsteueridentifikationsnummer: DE 2624761355 Erlaubnis nach \u00a7 34f Abs. 1 Satz 1 Nr. 2 und Nr. 3 GewO (Finanzanlagevermittler) und \u00a7 34c Gewerbeordnungzust\u00e4ndige Aufsichtsbeh\u00f6rde:Bezirksamt: Kassel Gewerbeamt: Kassel Webseite: https:\/\/www. viridicapites.de Mitglied der Industrie- und Handelskammer Kassel, Berufsbezeichnung: Finanzanlagevermittler mit Erlaubnis &hellip; <a href=\"https:\/\/viridicapitis.de\/en\/imprint\/\" class=\"more-link\">Continue reading<span class=\"screen-reader-text\"> &#8222;Impressum&#8220;<\/span><\/a><\/p>","protected":false},"author":1,"featured_media":0,"parent":0,"menu_order":4,"comment_status":"closed","ping_status":"closed","template":"","meta":{"footnotes":""},"class_list":["post-40","page","type-page","status-publish","hentry"],"yoast_head":"<!-- This site is optimized with the Yoast SEO plugin v25.2 - https:\/\/yoast.com\/wordpress\/plugins\/seo\/ -->\n<title>Impressum - Viridi Capitis<\/title>\n<meta name=\"description\" content=\"Impressum Viridi Capitis\" \/>\n<meta name=\"robots\" content=\"index, follow, max-snippet:-1, max-image-preview:large, max-video-preview:-1\" \/>\n<link rel=\"canonical\" href=\"https:\/\/viridicapitis.de\/en\/imprint\/\" \/>\n<meta property=\"og:locale\" content=\"en_US\" \/>\n<meta property=\"og:type\" content=\"article\" \/>\n<meta property=\"og:title\" content=\"Impressum - Viridi Capitis\" \/>\n<meta property=\"og:description\" content=\"Impressum Viridi Capitis\" \/>\n<meta property=\"og:url\" content=\"https:\/\/viridicapitis.de\/en\/imprint\/\" \/>\n<meta property=\"og:site_name\" content=\"Viridi Capitis\" \/>\n<meta property=\"article:modified_time\" content=\"2025-07-07T05:32:38+00:00\" \/>\n<meta name=\"twitter:card\" content=\"summary_large_image\" \/>\n<meta name=\"twitter:label1\" content=\"Est. reading time\" \/>\n\t<meta name=\"twitter:data1\" content=\"3 minutes\" \/>\n<script type=\"application\/ld+json\" class=\"yoast-schema-graph\">{\"@context\":\"https:\/\/schema.org\",\"@graph\":[{\"@type\":\"WebPage\",\"@id\":\"https:\/\/viridicapitis.de\/impressum\/\",\"url\":\"https:\/\/viridicapitis.de\/impressum\/\",\"name\":\"Impressum - Viridi Capitis\",\"isPartOf\":{\"@id\":\"https:\/\/viridicapitis.de\/#website\"},\"datePublished\":\"2022-05-15T19:44:32+00:00\",\"dateModified\":\"2025-07-07T05:32:38+00:00\",\"description\":\"Impressum Viridi Capitis\",\"breadcrumb\":{\"@id\":\"https:\/\/viridicapitis.de\/impressum\/#breadcrumb\"},\"inLanguage\":\"en-US\",\"potentialAction\":[{\"@type\":\"ReadAction\",\"target\":[\"https:\/\/viridicapitis.de\/impressum\/\"]}]},{\"@type\":\"BreadcrumbList\",\"@id\":\"https:\/\/viridicapitis.de\/impressum\/#breadcrumb\",\"itemListElement\":[{\"@type\":\"ListItem\",\"position\":1,\"name\":\"Home\",\"item\":\"https:\/\/viridicapitis.de\/\"},{\"@type\":\"ListItem\",\"position\":2,\"name\":\"Impressum\"}]},{\"@type\":\"WebSite\",\"@id\":\"https:\/\/viridicapitis.de\/#website\",\"url\":\"https:\/\/viridicapitis.de\/\",\"name\":\"Viridi Capitis\",\"description\":\"Your story, beautifully told - Created with WordPress managed by IONOS\",\"publisher\":{\"@id\":\"https:\/\/viridicapitis.de\/#organization\"},\"potentialAction\":[{\"@type\":\"SearchAction\",\"target\":{\"@type\":\"EntryPoint\",\"urlTemplate\":\"https:\/\/viridicapitis.de\/?s={search_term_string}\"},\"query-input\":{\"@type\":\"PropertyValueSpecification\",\"valueRequired\":true,\"valueName\":\"search_term_string\"}}],\"inLanguage\":\"en-US\"},{\"@type\":\"Organization\",\"@id\":\"https:\/\/viridicapitis.de\/#organization\",\"name\":\"Viridi Capitis\",\"url\":\"https:\/\/viridicapitis.de\/\",\"logo\":{\"@type\":\"ImageObject\",\"inLanguage\":\"en-US\",\"@id\":\"https:\/\/viridicapitis.de\/#\/schema\/logo\/image\/\",\"url\":\"https:\/\/viridicapitis.de\/wp-content\/uploads\/2022\/04\/LogoViridiCapitis.jpg\",\"contentUrl\":\"https:\/\/viridicapitis.de\/wp-content\/uploads\/2022\/04\/LogoViridiCapitis.jpg\",\"width\":956,\"height\":544,\"caption\":\"Viridi Capitis\"},\"image\":{\"@id\":\"https:\/\/viridicapitis.de\/#\/schema\/logo\/image\/\"}}]}<\/script>\n<!-- \/ Yoast SEO plugin. -->","yoast_head_json":{"title":"Impressum - Viridi Capitis","description":"Impressum Viridi Capitis","robots":{"index":"index","follow":"follow","max-snippet":"max-snippet:-1","max-image-preview":"max-image-preview:large","max-video-preview":"max-video-preview:-1"},"canonical":"https:\/\/viridicapitis.de\/en\/imprint\/","og_locale":"en_US","og_type":"article","og_title":"Impressum - Viridi Capitis","og_description":"Impressum Viridi Capitis","og_url":"https:\/\/viridicapitis.de\/en\/imprint\/","og_site_name":"Viridi Capitis","article_modified_time":"2025-07-07T05:32:38+00:00","twitter_card":"summary_large_image","twitter_misc":{"Est. reading time":"3 minutes"},"schema":{"@context":"https:\/\/schema.org","@graph":[{"@type":"WebPage","@id":"https:\/\/viridicapitis.de\/impressum\/","url":"https:\/\/viridicapitis.de\/impressum\/","name":"Impressum - Viridi Capitis","isPartOf":{"@id":"https:\/\/viridicapitis.de\/#website"},"datePublished":"2022-05-15T19:44:32+00:00","dateModified":"2025-07-07T05:32:38+00:00","description":"Impressum Viridi Capitis","breadcrumb":{"@id":"https:\/\/viridicapitis.de\/impressum\/#breadcrumb"},"inLanguage":"en-US","potentialAction":[{"@type":"ReadAction","target":["https:\/\/viridicapitis.de\/impressum\/"]}]},{"@type":"BreadcrumbList","@id":"https:\/\/viridicapitis.de\/impressum\/#breadcrumb","itemListElement":[{"@type":"ListItem","position":1,"name":"Home","item":"https:\/\/viridicapitis.de\/"},{"@type":"ListItem","position":2,"name":"Impressum"}]},{"@type":"WebSite","@id":"https:\/\/viridicapitis.de\/#website","url":"https:\/\/viridicapitis.de\/","name":"Viridi Capitis","description":"Your story, beautifully told - Created with WordPress managed by IONOS","publisher":{"@id":"https:\/\/viridicapitis.de\/#organization"},"potentialAction":[{"@type":"SearchAction","target":{"@type":"EntryPoint","urlTemplate":"https:\/\/viridicapitis.de\/?s={search_term_string}"},"query-input":{"@type":"PropertyValueSpecification","valueRequired":true,"valueName":"search_term_string"}}],"inLanguage":"en-US"},{"@type":"Organization","@id":"https:\/\/viridicapitis.de\/#organization","name":"Viridi Capitis","url":"https:\/\/viridicapitis.de\/","logo":{"@type":"ImageObject","inLanguage":"en-US","@id":"https:\/\/viridicapitis.de\/#\/schema\/logo\/image\/","url":"https:\/\/viridicapitis.de\/wp-content\/uploads\/2022\/04\/LogoViridiCapitis.jpg","contentUrl":"https:\/\/viridicapitis.de\/wp-content\/uploads\/2022\/04\/LogoViridiCapitis.jpg","width":956,"height":544,"caption":"Viridi Capitis"},"image":{"@id":"https:\/\/viridicapitis.de\/#\/schema\/logo\/image\/"}}]}},"_links":{"self":[{"href":"https:\/\/viridicapitis.de\/en\/wp-json\/wp\/v2\/pages\/40","targetHints":{"allow":["GET"]}}],"collection":[{"href":"https:\/\/viridicapitis.de\/en\/wp-json\/wp\/v2\/pages"}],"about":[{"href":"https:\/\/viridicapitis.de\/en\/wp-json\/wp\/v2\/types\/page"}],"author":[{"embeddable":true,"href":"https:\/\/viridicapitis.de\/en\/wp-json\/wp\/v2\/users\/1"}],"replies":[{"embeddable":true,"href":"https:\/\/viridicapitis.de\/en\/wp-json\/wp\/v2\/comments?post=40"}],"version-history":[{"count":9,"href":"https:\/\/viridicapitis.de\/en\/wp-json\/wp\/v2\/pages\/40\/revisions"}],"predecessor-version":[{"id":198,"href":"https:\/\/viridicapitis.de\/en\/wp-json\/wp\/v2\/pages\/40\/revisions\/198"}],"wp:attachment":[{"href":"https:\/\/viridicapitis.de\/en\/wp-json\/wp\/v2\/media?parent=40"}],"curies":[{"name":"wp","href":"https:\/\/api.w.org\/{rel}","templated":true}]}}