{"id":39,"date":"2022-05-15T19:44:31","date_gmt":"2022-05-15T19:44:31","guid":{"rendered":"https:\/\/viridicapitis.de\/projekte"},"modified":"2025-12-29T14:24:56","modified_gmt":"2025-12-29T14:24:56","slug":"projekte","status":"publish","type":"page","link":"https:\/\/viridicapitis.de\/en\/projects\/","title":{"rendered":"Projects"},"content":{"rendered":"<div class=\"woocommerce\">\n    \n    <section class=\"u-border-2 u-border-grey-75 u-border-no-left u-border-no-right u-border-no-top u-clearfix u-hidden u-section-2\" id=\"carousel_968f\">\n      <div class=\"u-clearfix u-sheet u-sheet-1\">\n        <p class=\"u-text u-text-default u-text-1\">\n          <br>Geldanlage Geldmarkt EURO\nEUR,USD Trading-Info:&nbsp;<br>\n          <br>Devisen: EURO&nbsp;<br>\n          <br>Uhrzeit der Finanzierungsanpassung: 23:00 Uhr, t\u00e4glich (24 Stunden-Zyklus, bei\n360 Handelstage im Jahr)&nbsp;<br>\n          <br>Long Position: (nach Anlagebetrag)&nbsp;<br>\n          <br>1.000.000,00 \u20ac -&gt; 0,100 % pro\nZyklus Anlage&nbsp;<br>500.000,00 \u20ac -&gt; 0,075 % pro Zyklus\nAnlage&nbsp;<br>100.000,00 \u20ac -&gt; 0,050 % pro Zyklus\nAnlage&nbsp;<br>10.000,00 \u20ac -&gt; 0,035 % pro Zyklus\nAnlage&nbsp;<br>Short Position: -0,12 % pro Zyklus&nbsp;<br>\n          <br>Entnahme\nAbrechnung: zur tgl. Finanzierungsanpassung&nbsp;<br>\n          <br>Dynamischer Spread: 13,2\nFunktionsweise:&nbsp;<br>\n          <br>Das Geld wird in Euro von Deutschland aus am internationalem Geldmarkt der\nBanken bereitgestellt. Banken aus Deutschland und aus dem Euro-Raum (L\u00e4nder\nder EU) nehmen sich ihren Kapitalbedarf in Euro raus. Weiter k\u00f6nnen Banken aus\nnicht dem Euroraum das Geld entnehmen, jedoch dann in US-Dollar. Das\nWechselrisiko liegt dadurch bei der Bank, die das Kapital in USD entnimmt und\nzur\u00fcckf\u00fchrt. F\u00fcr den Anleger ergibt es sich, dass kein Wechselrisiko entsteht.&nbsp;<br>\n          <br>Beispiel:\nKunde Bank A &gt; Euro an Bank A &gt; Euro an Geldmarkt der Banken &gt; Bank B\nentnimmt Euro\nBank B zahlt zur\u00fcck &gt; Euro Geldmarkt der Bank (Finanzierunganpassung) &gt; Euro\nBank A &gt; Euro Kunde Bank A\nSicherheit:<br>\n          <br>Dies ist eine Anlageform der Klasse A. Nicht spekulativ! Das Kapital wird in Form\neines Tagesgeldes einer dritten Partei zur Verf\u00fcgung gestellt. Die entnehmende\nBank muss \u00fcber die volle Kapitalsumme bank\u00fcbliche Sicherheiten in H\u00f6he von\n100 % der Summe in Euro hinterlegen. Durch die Hinterlegung der Sicherheit in\nEuro kann es nicht wegen des Wechselrisikos zur einer Unterbesicherung\nkommen.&nbsp;<br>Beispiel Anlage 10.000,00 \u20ac f\u00fcr 1 Jahr:\nAnlagebetrag: 10.000,00 \u20ac = 360 Tage x 0,035 % = 1.260,00 \u20ac Zinsen oder 12,6\n%<br>Interest is subject to capital gains tax\n        <\/p>\n        <div class=\"custom-expanded u-clearfix u-custom-html u-custom-html-1\">\n          <style><\/style>\n          <p>Sample HTML. Lorem ipsum dolor sit amet, consectetur adipiscing elit nullam nunc justo sagittis suscipit ultrices.<\/p>\n        <\/div>\n      <\/div>\n    <\/section>\n    <section class=\"u-clearfix u-section-3\" id=\"block-1\">\n      <div class=\"u-clearfix u-sheet u-sheet-1\">\n        <div class=\"u-clearfix u-custom-html u-expanded-width u-custom-html-1\"><!-- Titel -->\n          <h2>Money Market Investment EURO<\/h2><!-- Trading-Info -->\n          <h3>Trading Information<\/h3>\n          <p>\n            <strong>Currencies:<\/strong> EURO (EUR, USD)\n          <\/p>\n          <p class=\"translation-block\"><strong>Time of Financing Adjustment: <\/strong>11:00 p.m. daily (24-hour cycle, based on 360 trading days per year)<\/p><!-- Zinss\u00e4tze Long Position -->\n          <h4>Long Position (by Investment Amount)<\/h4>\n          <table>\n            <thead>\n              <tr>\n                <th>Investment Amount<\/th>\n                <th>Interest Rate per Cycle<\/th>\n              <\/tr>\n            <\/thead>\n            <tbody>\n              <tr>\n                <td>Wird Neu angepasst.<\/td>\n                <td><\/td>\n              <\/tr>\n              <tr>\n                <td>0<\/td>\n                <td>0<\/td>\n              <\/tr>\n              <tr>\n                <td>0<\/td>\n                <td>0<\/td>\n              <\/tr>\n              <tr>\n                <td>0<\/td>\n                <td>0<\/td>\n              <\/tr>\n            <\/tbody>\n          <\/table><!-- Short Position -->\n          <h4>0<\/h4>\n          <p>0<\/p><!-- Entnahme & Abrechnung -->\n          <h4>Withdrawal &amp; Settlement<\/h4>\n          <p>Settlement: At daily financing adjustment<\/p>\n          <p>\n            <strong>Dynamischer Spread:<\/strong> 13,2\n          <\/p><!-- Funktionsweise -->\n          <h3>Functionality<\/h3>\n          <p>The funds are provided in Euros from Germany on the international interbank market. Banks from Germany and the Eurozone (EU countries) cover their capital requirements in euros. Banks outside the Eurozone can also access the funds, but only in US dollars. The currency risk is borne by the bank that borrows the capital in USD and repays it later. For the investor, there is no currency risk.<\/p><!-- Funktionsweise \u2013 Beispiel -->\n          <h4>Example<\/h4>\n          <ul>\n            <li>Client \u2192 Bank A: Deposit in euros<\/li>\n            <li>Bank A \u2192 Interbank market: euros<\/li>\n            <li>Bank B repays \u2192 euro interbank market (financing adjustment) <\/li>\n            <li>Euro Bank A \u2192 euro client Bank A <\/li>\n          <\/ul>\n        <\/div>\n      <\/div>\n    <\/section>\n    <section class=\"u-border-2 u-border-grey-75 u-clearfix u-section-4\" id=\"carousel_d1d9\">\n      <div class=\"u-clearfix u-sheet u-sheet-1\"><\/div>\n    <\/section>\n    <section class=\"u-clearfix u-section-5\" id=\"sec-30e9\">\n      <div class=\"u-clearfix u-sheet u-sheet-1\"><\/div>\n    <\/section>\n    <section class=\"u-clearfix u-section-6\" id=\"sec-85b2\">\n      <div class=\"u-clearfix u-sheet u-sheet-1\"><\/div>\n    <\/section>\n    <section class=\"u-clearfix u-section-7\" id=\"sec-66d9\">\n      <div class=\"u-clearfix u-sheet u-sheet-1\"><\/div>\n    <\/section>\n    \n    \n    \n  \n<\/div>","protected":false},"excerpt":{"rendered":"<p>Geldanlage Geldmarkt EURO EUR,USD Trading-Info:&nbsp; Devisen: EURO&nbsp; Uhrzeit der Finanzierungsanpassung: 23:00 Uhr, t\u00e4glich (24 Stunden-Zyklus, bei 360 Handelstage im Jahr)&nbsp; Long Position: (nach Anlagebetrag)&nbsp; 1.000.000,00 \u20ac -&gt; 0,100 % pro Zyklus Anlage&nbsp;500.000,00 \u20ac -&gt; 0,075 % pro Zyklus Anlage&nbsp;100.000,00 \u20ac -&gt; 0,050 % pro Zyklus Anlage&nbsp;10.000,00 \u20ac -&gt; 0,035 % pro Zyklus Anlage&nbsp;Short Position: -0,12 &hellip; <a href=\"https:\/\/viridicapitis.de\/en\/projects\/\" class=\"more-link\">Continue reading<span class=\"screen-reader-text\"> &#8222;Projekte&#8220;<\/span><\/a><\/p>","protected":false},"author":1,"featured_media":0,"parent":0,"menu_order":3,"comment_status":"closed","ping_status":"closed","template":"","meta":{"footnotes":""},"class_list":["post-39","page","type-page","status-publish","hentry"],"yoast_head":"<!-- This site is optimized with the Yoast SEO plugin v25.2 - https:\/\/yoast.com\/wordpress\/plugins\/seo\/ -->\n<title>Projekte - Viridi Capitis<\/title>\n<meta name=\"description\" content=\"Projekte Viridi Capitis\" \/>\n<meta name=\"robots\" content=\"index, follow, max-snippet:-1, max-image-preview:large, max-video-preview:-1\" \/>\n<link rel=\"canonical\" href=\"https:\/\/viridicapitis.de\/en\/projects\/\" \/>\n<meta property=\"og:locale\" content=\"en_US\" \/>\n<meta property=\"og:type\" content=\"article\" \/>\n<meta property=\"og:title\" content=\"Projekte - Viridi Capitis\" \/>\n<meta property=\"og:description\" content=\"Projekte Viridi Capitis\" \/>\n<meta property=\"og:url\" content=\"https:\/\/viridicapitis.de\/en\/projects\/\" \/>\n<meta property=\"og:site_name\" content=\"Viridi Capitis\" \/>\n<meta property=\"article:modified_time\" content=\"2025-12-29T14:24:56+00:00\" \/>\n<meta name=\"twitter:card\" content=\"summary_large_image\" \/>\n<meta name=\"twitter:label1\" content=\"Est. reading time\" \/>\n\t<meta name=\"twitter:data1\" content=\"2 minutes\" \/>\n<script type=\"application\/ld+json\" class=\"yoast-schema-graph\">{\"@context\":\"https:\/\/schema.org\",\"@graph\":[{\"@type\":\"WebPage\",\"@id\":\"https:\/\/viridicapitis.de\/projekte\/\",\"url\":\"https:\/\/viridicapitis.de\/projekte\/\",\"name\":\"Projekte - Viridi Capitis\",\"isPartOf\":{\"@id\":\"https:\/\/viridicapitis.de\/#website\"},\"datePublished\":\"2022-05-15T19:44:31+00:00\",\"dateModified\":\"2025-12-29T14:24:56+00:00\",\"description\":\"Projekte Viridi Capitis\",\"breadcrumb\":{\"@id\":\"https:\/\/viridicapitis.de\/projekte\/#breadcrumb\"},\"inLanguage\":\"en-US\",\"potentialAction\":[{\"@type\":\"ReadAction\",\"target\":[\"https:\/\/viridicapitis.de\/projekte\/\"]}]},{\"@type\":\"BreadcrumbList\",\"@id\":\"https:\/\/viridicapitis.de\/projekte\/#breadcrumb\",\"itemListElement\":[{\"@type\":\"ListItem\",\"position\":1,\"name\":\"Home\",\"item\":\"https:\/\/viridicapitis.de\/\"},{\"@type\":\"ListItem\",\"position\":2,\"name\":\"Projekte\"}]},{\"@type\":\"WebSite\",\"@id\":\"https:\/\/viridicapitis.de\/#website\",\"url\":\"https:\/\/viridicapitis.de\/\",\"name\":\"Viridi Capitis\",\"description\":\"Your story, beautifully told - Created with WordPress managed by IONOS\",\"publisher\":{\"@id\":\"https:\/\/viridicapitis.de\/#organization\"},\"potentialAction\":[{\"@type\":\"SearchAction\",\"target\":{\"@type\":\"EntryPoint\",\"urlTemplate\":\"https:\/\/viridicapitis.de\/?s={search_term_string}\"},\"query-input\":{\"@type\":\"PropertyValueSpecification\",\"valueRequired\":true,\"valueName\":\"search_term_string\"}}],\"inLanguage\":\"en-US\"},{\"@type\":\"Organization\",\"@id\":\"https:\/\/viridicapitis.de\/#organization\",\"name\":\"Viridi Capitis\",\"url\":\"https:\/\/viridicapitis.de\/\",\"logo\":{\"@type\":\"ImageObject\",\"inLanguage\":\"en-US\",\"@id\":\"https:\/\/viridicapitis.de\/#\/schema\/logo\/image\/\",\"url\":\"https:\/\/viridicapitis.de\/wp-content\/uploads\/2022\/04\/LogoViridiCapitis.jpg\",\"contentUrl\":\"https:\/\/viridicapitis.de\/wp-content\/uploads\/2022\/04\/LogoViridiCapitis.jpg\",\"width\":956,\"height\":544,\"caption\":\"Viridi Capitis\"},\"image\":{\"@id\":\"https:\/\/viridicapitis.de\/#\/schema\/logo\/image\/\"}}]}<\/script>\n<!-- \/ Yoast SEO plugin. -->","yoast_head_json":{"title":"Projekte - Viridi Capitis","description":"Projekte Viridi Capitis","robots":{"index":"index","follow":"follow","max-snippet":"max-snippet:-1","max-image-preview":"max-image-preview:large","max-video-preview":"max-video-preview:-1"},"canonical":"https:\/\/viridicapitis.de\/en\/projects\/","og_locale":"en_US","og_type":"article","og_title":"Projekte - Viridi Capitis","og_description":"Projekte Viridi Capitis","og_url":"https:\/\/viridicapitis.de\/en\/projects\/","og_site_name":"Viridi Capitis","article_modified_time":"2025-12-29T14:24:56+00:00","twitter_card":"summary_large_image","twitter_misc":{"Est. reading time":"2 minutes"},"schema":{"@context":"https:\/\/schema.org","@graph":[{"@type":"WebPage","@id":"https:\/\/viridicapitis.de\/projekte\/","url":"https:\/\/viridicapitis.de\/projekte\/","name":"Projekte - Viridi Capitis","isPartOf":{"@id":"https:\/\/viridicapitis.de\/#website"},"datePublished":"2022-05-15T19:44:31+00:00","dateModified":"2025-12-29T14:24:56+00:00","description":"Projekte Viridi Capitis","breadcrumb":{"@id":"https:\/\/viridicapitis.de\/projekte\/#breadcrumb"},"inLanguage":"en-US","potentialAction":[{"@type":"ReadAction","target":["https:\/\/viridicapitis.de\/projekte\/"]}]},{"@type":"BreadcrumbList","@id":"https:\/\/viridicapitis.de\/projekte\/#breadcrumb","itemListElement":[{"@type":"ListItem","position":1,"name":"Home","item":"https:\/\/viridicapitis.de\/"},{"@type":"ListItem","position":2,"name":"Projekte"}]},{"@type":"WebSite","@id":"https:\/\/viridicapitis.de\/#website","url":"https:\/\/viridicapitis.de\/","name":"Viridi Capitis","description":"Your story, beautifully told - Created with WordPress managed by IONOS","publisher":{"@id":"https:\/\/viridicapitis.de\/#organization"},"potentialAction":[{"@type":"SearchAction","target":{"@type":"EntryPoint","urlTemplate":"https:\/\/viridicapitis.de\/?s={search_term_string}"},"query-input":{"@type":"PropertyValueSpecification","valueRequired":true,"valueName":"search_term_string"}}],"inLanguage":"en-US"},{"@type":"Organization","@id":"https:\/\/viridicapitis.de\/#organization","name":"Viridi Capitis","url":"https:\/\/viridicapitis.de\/","logo":{"@type":"ImageObject","inLanguage":"en-US","@id":"https:\/\/viridicapitis.de\/#\/schema\/logo\/image\/","url":"https:\/\/viridicapitis.de\/wp-content\/uploads\/2022\/04\/LogoViridiCapitis.jpg","contentUrl":"https:\/\/viridicapitis.de\/wp-content\/uploads\/2022\/04\/LogoViridiCapitis.jpg","width":956,"height":544,"caption":"Viridi Capitis"},"image":{"@id":"https:\/\/viridicapitis.de\/#\/schema\/logo\/image\/"}}]}},"_links":{"self":[{"href":"https:\/\/viridicapitis.de\/en\/wp-json\/wp\/v2\/pages\/39","targetHints":{"allow":["GET"]}}],"collection":[{"href":"https:\/\/viridicapitis.de\/en\/wp-json\/wp\/v2\/pages"}],"about":[{"href":"https:\/\/viridicapitis.de\/en\/wp-json\/wp\/v2\/types\/page"}],"author":[{"embeddable":true,"href":"https:\/\/viridicapitis.de\/en\/wp-json\/wp\/v2\/users\/1"}],"replies":[{"embeddable":true,"href":"https:\/\/viridicapitis.de\/en\/wp-json\/wp\/v2\/comments?post=39"}],"version-history":[{"count":29,"href":"https:\/\/viridicapitis.de\/en\/wp-json\/wp\/v2\/pages\/39\/revisions"}],"predecessor-version":[{"id":206,"href":"https:\/\/viridicapitis.de\/en\/wp-json\/wp\/v2\/pages\/39\/revisions\/206"}],"wp:attachment":[{"href":"https:\/\/viridicapitis.de\/en\/wp-json\/wp\/v2\/media?parent=39"}],"curies":[{"name":"wp","href":"https:\/\/api.w.org\/{rel}","templated":true}]}}