{"id":37,"date":"2022-05-15T19:44:29","date_gmt":"2022-05-15T19:44:29","guid":{"rendered":"https:\/\/viridicapitis.de\/startseite"},"modified":"2025-12-29T14:26:08","modified_gmt":"2025-12-29T14:26:08","slug":"startseite","status":"publish","type":"page","link":"https:\/\/viridicapitis.de\/en\/","title":{"rendered":"Home page"},"content":{"rendered":"<div class=\"woocommerce\">\n    \n    <section class=\"firstline u-align-center u-clearfix u-container-align-center u-image u-shading u-section-2\" src=\"\" data-image-width=\"1620\" data-image-height=\"1080\" id=\"sec-82af\" style=\"background-image: linear-gradient(0deg, rgba(0, 0, 0, 0.4), rgba(0, 0, 0, 0.4)), url(&quot;https:\/\/viridicapitis.de\/wp-content\/uploads\/2025\/06\/pexels-photo-5233311.webp&quot;);\">\n      <div class=\"u-clearfix u-sheet u-sheet-1\">\n        <div class=\"fr-view u-clearfix u-rich-text u-text u-text-1\">\n          <h1><span class=\"u-custom-font\" style=\"font-family: Aldrich;\">Our Philosophy<\/span>\n          <\/h1>\n          <p>We invest conservatively in renewable energy, sustainable raw materials, and real estate. For us, secure returns are more important than quick profits.<\/p>\n        <\/div>\n      <\/div>\n    <\/section>\n    <section class=\"u-align-center u-clearfix u-container-align-center u-custom-color-1 u-section-3\" id=\"sec-e5e5\">\n      <div class=\"u-clearfix u-sheet u-sheet-1\">\n        <div class=\"u-container-style u-group u-group-1\">\n          <div class=\"u-container-layout u-container-layout-1\">\n            <h2 class=\"u-align-center u-text u-text-default u-text-1\">About Us<\/h2>\n            <p class=\"u-align-center u-text u-text-2\">Sehr\ngeehrte Damen und Herren, als\nWirtschaftskanzlei k\u00f6nnen wir f\u00fcr unsere Mandaten spezielle Anlageformen anbieten. F\u00fcr institutionelle Anleger (Banken, Versicherungen und\nInvestment-Gesellschaften) gibt es eine Vielzahl an Produkten der Geldanlage,\ndie ein normaler Anleger nicht zeichnen kann.\n&nbsp;\nGeldmarktanlage,\ninstitutioneller Anleger:<br>\n              <br> How it Works:<br>The funds are provided in Euros from Germany on the international interbank market. Banks from Germany and the Eurozone (EU countries) can cover their capital needs in Euros. Additionally, banks from outside the Eurozone may also access these funds, but in this case, the funds are provided in US dollars. The currency risk is borne by the bank that borrows and repays the capital in USD. For the investor, this means that there is no currency risk involved.<br>\n            <\/p>\n          <\/div>\n        <\/div>\n      <\/div>\n    <\/section>\n    \n    \n    \n  \n<\/div>","protected":false},"excerpt":{"rendered":"<p>Unsere Philosophie Wir investieren konservativ in erneuerbare Energien, nachwachsende Rohstoffen sowie in Immobilien. Uns ist einer sichere Rendite wichtiger als ein schneller Gewinn. \u00dcber uns Sehr geehrte Damen und Herren, als Wirtschaftskanzlei k\u00f6nnen wir f\u00fcr unsere Mandaten spezielle Anlageformen anbieten. F\u00fcr institutionelle Anleger (Banken, Versicherungen und Investment-Gesellschaften) gibt es eine Vielzahl an Produkten der Geldanlage, &hellip; <a href=\"https:\/\/viridicapitis.de\/en\/\" class=\"more-link\">Continue reading<span class=\"screen-reader-text\"> &#8222;Startseite&#8220;<\/span><\/a><\/p>","protected":false},"author":1,"featured_media":0,"parent":0,"menu_order":1,"comment_status":"closed","ping_status":"closed","template":"","meta":{"footnotes":""},"class_list":["post-37","page","type-page","status-publish","hentry"],"yoast_head":"<!-- This site is optimized with the Yoast SEO plugin v25.2 - https:\/\/yoast.com\/wordpress\/plugins\/seo\/ -->\n<title>Startseite - Viridi Capitis<\/title>\n<meta name=\"description\" content=\"Startseite Viridi Capitis\" \/>\n<meta name=\"robots\" content=\"index, follow, max-snippet:-1, max-image-preview:large, max-video-preview:-1\" \/>\n<link rel=\"canonical\" href=\"https:\/\/viridicapitis.de\/en\/\" \/>\n<meta property=\"og:locale\" content=\"en_US\" \/>\n<meta property=\"og:type\" content=\"article\" \/>\n<meta property=\"og:title\" content=\"Startseite - Viridi Capitis\" \/>\n<meta property=\"og:description\" content=\"Startseite Viridi Capitis\" \/>\n<meta property=\"og:url\" content=\"https:\/\/viridicapitis.de\/en\/\" \/>\n<meta property=\"og:site_name\" content=\"Viridi Capitis\" \/>\n<meta property=\"article:modified_time\" content=\"2025-12-29T14:26:08+00:00\" \/>\n<meta name=\"twitter:card\" content=\"summary_large_image\" \/>\n<meta name=\"twitter:label1\" content=\"Est. reading time\" \/>\n\t<meta name=\"twitter:data1\" content=\"1 minute\" \/>\n<script type=\"application\/ld+json\" class=\"yoast-schema-graph\">{\"@context\":\"https:\/\/schema.org\",\"@graph\":[{\"@type\":\"WebPage\",\"@id\":\"https:\/\/viridicapitis.de\/\",\"url\":\"https:\/\/viridicapitis.de\/\",\"name\":\"Startseite - Viridi Capitis\",\"isPartOf\":{\"@id\":\"https:\/\/viridicapitis.de\/#website\"},\"datePublished\":\"2022-05-15T19:44:29+00:00\",\"dateModified\":\"2025-12-29T14:26:08+00:00\",\"description\":\"Startseite Viridi Capitis\",\"breadcrumb\":{\"@id\":\"https:\/\/viridicapitis.de\/#breadcrumb\"},\"inLanguage\":\"en-US\",\"potentialAction\":[{\"@type\":\"ReadAction\",\"target\":[\"https:\/\/viridicapitis.de\/\"]}]},{\"@type\":\"BreadcrumbList\",\"@id\":\"https:\/\/viridicapitis.de\/#breadcrumb\",\"itemListElement\":[{\"@type\":\"ListItem\",\"position\":1,\"name\":\"Home\",\"item\":\"https:\/\/viridicapitis.de\/\"},{\"@type\":\"ListItem\",\"position\":2,\"name\":\"Startseite\"}]},{\"@type\":\"WebSite\",\"@id\":\"https:\/\/viridicapitis.de\/#website\",\"url\":\"https:\/\/viridicapitis.de\/\",\"name\":\"Viridi Capitis\",\"description\":\"Your story, beautifully told - Created with WordPress managed by IONOS\",\"publisher\":{\"@id\":\"https:\/\/viridicapitis.de\/#organization\"},\"potentialAction\":[{\"@type\":\"SearchAction\",\"target\":{\"@type\":\"EntryPoint\",\"urlTemplate\":\"https:\/\/viridicapitis.de\/?s={search_term_string}\"},\"query-input\":{\"@type\":\"PropertyValueSpecification\",\"valueRequired\":true,\"valueName\":\"search_term_string\"}}],\"inLanguage\":\"en-US\"},{\"@type\":\"Organization\",\"@id\":\"https:\/\/viridicapitis.de\/#organization\",\"name\":\"Viridi Capitis\",\"url\":\"https:\/\/viridicapitis.de\/\",\"logo\":{\"@type\":\"ImageObject\",\"inLanguage\":\"en-US\",\"@id\":\"https:\/\/viridicapitis.de\/#\/schema\/logo\/image\/\",\"url\":\"https:\/\/viridicapitis.de\/wp-content\/uploads\/2022\/04\/LogoViridiCapitis.jpg\",\"contentUrl\":\"https:\/\/viridicapitis.de\/wp-content\/uploads\/2022\/04\/LogoViridiCapitis.jpg\",\"width\":956,\"height\":544,\"caption\":\"Viridi Capitis\"},\"image\":{\"@id\":\"https:\/\/viridicapitis.de\/#\/schema\/logo\/image\/\"}}]}<\/script>\n<!-- \/ Yoast SEO plugin. -->","yoast_head_json":{"title":"Startseite - Viridi Capitis","description":"Startseite Viridi Capitis","robots":{"index":"index","follow":"follow","max-snippet":"max-snippet:-1","max-image-preview":"max-image-preview:large","max-video-preview":"max-video-preview:-1"},"canonical":"https:\/\/viridicapitis.de\/en\/","og_locale":"en_US","og_type":"article","og_title":"Startseite - Viridi Capitis","og_description":"Startseite Viridi Capitis","og_url":"https:\/\/viridicapitis.de\/en\/","og_site_name":"Viridi Capitis","article_modified_time":"2025-12-29T14:26:08+00:00","twitter_card":"summary_large_image","twitter_misc":{"Est. reading time":"1 minute"},"schema":{"@context":"https:\/\/schema.org","@graph":[{"@type":"WebPage","@id":"https:\/\/viridicapitis.de\/","url":"https:\/\/viridicapitis.de\/","name":"Startseite - Viridi Capitis","isPartOf":{"@id":"https:\/\/viridicapitis.de\/#website"},"datePublished":"2022-05-15T19:44:29+00:00","dateModified":"2025-12-29T14:26:08+00:00","description":"Startseite Viridi Capitis","breadcrumb":{"@id":"https:\/\/viridicapitis.de\/#breadcrumb"},"inLanguage":"en-US","potentialAction":[{"@type":"ReadAction","target":["https:\/\/viridicapitis.de\/"]}]},{"@type":"BreadcrumbList","@id":"https:\/\/viridicapitis.de\/#breadcrumb","itemListElement":[{"@type":"ListItem","position":1,"name":"Home","item":"https:\/\/viridicapitis.de\/"},{"@type":"ListItem","position":2,"name":"Startseite"}]},{"@type":"WebSite","@id":"https:\/\/viridicapitis.de\/#website","url":"https:\/\/viridicapitis.de\/","name":"Viridi Capitis","description":"Your story, beautifully told - Created with WordPress managed by IONOS","publisher":{"@id":"https:\/\/viridicapitis.de\/#organization"},"potentialAction":[{"@type":"SearchAction","target":{"@type":"EntryPoint","urlTemplate":"https:\/\/viridicapitis.de\/?s={search_term_string}"},"query-input":{"@type":"PropertyValueSpecification","valueRequired":true,"valueName":"search_term_string"}}],"inLanguage":"en-US"},{"@type":"Organization","@id":"https:\/\/viridicapitis.de\/#organization","name":"Viridi Capitis","url":"https:\/\/viridicapitis.de\/","logo":{"@type":"ImageObject","inLanguage":"en-US","@id":"https:\/\/viridicapitis.de\/#\/schema\/logo\/image\/","url":"https:\/\/viridicapitis.de\/wp-content\/uploads\/2022\/04\/LogoViridiCapitis.jpg","contentUrl":"https:\/\/viridicapitis.de\/wp-content\/uploads\/2022\/04\/LogoViridiCapitis.jpg","width":956,"height":544,"caption":"Viridi Capitis"},"image":{"@id":"https:\/\/viridicapitis.de\/#\/schema\/logo\/image\/"}}]}},"_links":{"self":[{"href":"https:\/\/viridicapitis.de\/en\/wp-json\/wp\/v2\/pages\/37","targetHints":{"allow":["GET"]}}],"collection":[{"href":"https:\/\/viridicapitis.de\/en\/wp-json\/wp\/v2\/pages"}],"about":[{"href":"https:\/\/viridicapitis.de\/en\/wp-json\/wp\/v2\/types\/page"}],"author":[{"embeddable":true,"href":"https:\/\/viridicapitis.de\/en\/wp-json\/wp\/v2\/users\/1"}],"replies":[{"embeddable":true,"href":"https:\/\/viridicapitis.de\/en\/wp-json\/wp\/v2\/comments?post=37"}],"version-history":[{"count":15,"href":"https:\/\/viridicapitis.de\/en\/wp-json\/wp\/v2\/pages\/37\/revisions"}],"predecessor-version":[{"id":205,"href":"https:\/\/viridicapitis.de\/en\/wp-json\/wp\/v2\/pages\/37\/revisions\/205"}],"wp:attachment":[{"href":"https:\/\/viridicapitis.de\/en\/wp-json\/wp\/v2\/media?parent=37"}],"curies":[{"name":"wp","href":"https:\/\/api.w.org\/{rel}","templated":true}]}}